{"id":1053,"date":"2022-08-24T09:18:18","date_gmt":"2022-08-24T12:18:18","guid":{"rendered":"https:\/\/bicefalos.ar\/bice\/?page_id=1053"},"modified":"2023-07-01T14:37:27","modified_gmt":"2023-07-01T17:37:27","slug":"ciclo-05","status":"publish","type":"page","link":"https:\/\/bicefalos.ar\/bice\/ciclo-05\/","title":{"rendered":"Edici\u00f3n 05"},"content":{"rendered":"\t\t<div data-elementor-type=\"wp-page\" data-elementor-id=\"1053\" class=\"elementor elementor-1053\">\n\t\t\t\t\t\t<section class=\"elementor-section elementor-top-section elementor-element elementor-element-43841f5e elementor-section-boxed elementor-section-height-default elementor-section-height-default\" data-id=\"43841f5e\" data-element_type=\"section\">\n\t\t\t\t\t\t<div class=\"elementor-container elementor-column-gap-default\">\n\t\t\t\t\t<div class=\"elementor-column elementor-col-100 elementor-top-column elementor-element elementor-element-148dd83b\" data-id=\"148dd83b\" data-element_type=\"column\">\n\t\t\t<div class=\"elementor-widget-wrap elementor-element-populated\">\n\t\t\t\t\t\t<div class=\"elementor-element elementor-element-870cac7 elementor-widget elementor-widget-shortcode\" data-id=\"870cac7\" data-element_type=\"widget\" data-widget_type=\"shortcode.default\">\n\t\t\t\t<div class=\"elementor-widget-container\">\n\t\t\t\t\t<div class=\"elementor-shortcode\">\t\t<div data-elementor-type=\"wp-post\" data-elementor-id=\"1295\" class=\"elementor elementor-1295\">\n\t\t\t\t\t\t<section class=\"elementor-section elementor-top-section elementor-element elementor-element-6225b1d6 elementor-section-boxed elementor-section-height-default elementor-section-height-default\" data-id=\"6225b1d6\" data-element_type=\"section\">\n\t\t\t\t\t\t<div class=\"elementor-container elementor-column-gap-default\">\n\t\t\t\t\t<div class=\"elementor-column elementor-col-100 elementor-top-column elementor-element elementor-element-5eb439f8\" data-id=\"5eb439f8\" data-element_type=\"column\">\n\t\t\t<div class=\"elementor-widget-wrap elementor-element-populated\">\n\t\t\t\t\t\t<div class=\"elementor-element elementor-element-3e4d499b eael_simple_menu_hamburger_disable_selected_menu_no eael-simple-menu-hamburger-align-right eael-hamburger--tablet elementor-widget elementor-widget-eael-simple-menu\" data-id=\"3e4d499b\" data-element_type=\"widget\" data-widget_type=\"eael-simple-menu.default\">\n\t\t\t\t<div class=\"elementor-widget-container\">\n\t\t\t<style>\n                        @media screen and (max-width: 1024px) {\n                            .eael-hamburger--tablet {\n                                .eael-simple-menu-horizontal,\n                                .eael-simple-menu-vertical {\n                                    display: none;\n                                }\n                            }\n                            .eael-hamburger--tablet {\n                                .eael-simple-menu-container .eael-simple-menu-toggle {\n                                    display: block;\n                                }\n                            }\n                        }\n                    <\/style>            <div data-hamburger-icon=\"&lt;i aria-hidden=&quot;true&quot; class=&quot;fas fa-bars&quot;&gt;&lt;\/i&gt;\" data-indicator-icon=\"&lt;i aria-hidden=&quot;true&quot; class=&quot;fas fa-angle-down&quot;&gt;&lt;\/i&gt;\" data-dropdown-indicator-icon=\"&lt;i class=&quot;fas fa-angle-down&quot;&gt;&lt;\/i&gt;\" class=\"eael-simple-menu-container eael-simple-menu-align-right eael-simple-menu--stretch eael-simple-menu-dropdown-align-left preset-3\" data-hamburger-breakpoints=\"{&quot;mobile&quot;:&quot;Mobile Portrait (&gt; 767px)&quot;,&quot;tablet&quot;:&quot;Tablet Portrait (&gt; 1024px)&quot;,&quot;desktop&quot;:&quot;Desktop (&gt; 2400px)&quot;,&quot;none&quot;:&quot;None&quot;}\" data-hamburger-device=\"tablet\">\n                <ul id=\"menu-principal\" class=\"eael-simple-menu eael-simple-menu-dropdown-animate-to-top eael-simple-menu-indicator eael-simple-menu-horizontal\"><li id=\"menu-item-221\" class=\"menu-item menu-item-type-post_type menu-item-object-page menu-item-home menu-item-221\"><a href=\"https:\/\/bicefalos.ar\/bice\/\">Inicio<\/a><\/li>\n<li id=\"menu-item-946\" class=\"menu-item menu-item-type-custom menu-item-object-custom menu-item-has-children menu-item-946\"><a href=\"#\">Edici\u00f3n<\/a>\n<ul class=\"sub-menu\">\n\t<li id=\"menu-item-2490\" class=\"menu-item menu-item-type-post_type menu-item-object-page menu-item-2490\"><a href=\"https:\/\/bicefalos.ar\/bice\/12-b-parra-d-delvas\/\">12. B. Parra \u2013 D. Delvas<\/a><\/li>\n\t<li id=\"menu-item-2476\" class=\"menu-item menu-item-type-post_type menu-item-object-page menu-item-2476\"><a href=\"https:\/\/bicefalos.ar\/bice\/11-gonzalez-blanco\/\">11. Gonz\u00e1lez \u2013 Blanco<\/a><\/li>\n\t<li id=\"menu-item-2460\" class=\"menu-item menu-item-type-post_type menu-item-object-page menu-item-2460\"><a href=\"https:\/\/bicefalos.ar\/bice\/10-belich-peters-bravo\/\">10. Belich \u2013 Peters Bravo<\/a><\/li>\n\t<li id=\"menu-item-2387\" class=\"menu-item menu-item-type-post_type menu-item-object-page menu-item-2387\"><a href=\"https:\/\/bicefalos.ar\/bice\/edicion-09\/\">9. Venica &#8211; D\u00e1vila<\/a><\/li>\n\t<li id=\"menu-item-2346\" class=\"menu-item menu-item-type-post_type menu-item-object-page menu-item-2346\"><a href=\"https:\/\/bicefalos.ar\/bice\/edicion-8\/\">8. Burgos &#8211; Luck<\/a><\/li>\n\t<li id=\"menu-item-2150\" class=\"menu-item menu-item-type-post_type menu-item-object-page menu-item-2150\"><a href=\"https:\/\/bicefalos.ar\/bice\/bicefalos-7\/\">7. Aquino &#8211; Landeta<\/a><\/li>\n\t<li id=\"menu-item-2121\" class=\"menu-item menu-item-type-post_type menu-item-object-page menu-item-2121\"><a href=\"https:\/\/bicefalos.ar\/bice\/edicion-6\/\">6. Vitta &#8211; Segade<\/a><\/li>\n\t<li id=\"menu-item-1069\" class=\"menu-item menu-item-type-post_type menu-item-object-page menu-item-1069\"><a href=\"https:\/\/bicefalos.ar\/bice\/ciclo-05\/\">5. Urban &#8211; Cano<\/a><\/li>\n\t<li id=\"menu-item-923\" class=\"menu-item menu-item-type-post_type menu-item-object-page menu-item-923\"><a href=\"https:\/\/bicefalos.ar\/bice\/bicefalos-4\/\">4. Opazo &#8211; Guidetti<\/a><\/li>\n\t<li id=\"menu-item-924\" class=\"menu-item menu-item-type-post_type menu-item-object-page menu-item-924\"><a href=\"https:\/\/bicefalos.ar\/bice\/bicefalos-3\/\">3. Tencer &#8211; Gasparini<\/a><\/li>\n\t<li id=\"menu-item-925\" class=\"menu-item menu-item-type-post_type menu-item-object-page menu-item-925\"><a href=\"https:\/\/bicefalos.ar\/bice\/bicefalos-2\/\">2. Rubinstein &#8211; V. Corbal\u00e1n<\/a><\/li>\n\t<li id=\"menu-item-926\" class=\"menu-item menu-item-type-post_type menu-item-object-page menu-item-926\"><a href=\"https:\/\/bicefalos.ar\/bice\/bicefalos-1\/\">1. Gonz\u00e1lez Sola &#8211; Segade<\/a><\/li>\n<\/ul>\n<\/li>\n<li id=\"menu-item-220\" class=\"menu-item menu-item-type-post_type menu-item-object-page menu-item-220\"><a href=\"https:\/\/bicefalos.ar\/bice\/programacion\/\">Programaci\u00f3n<\/a><\/li>\n<li id=\"menu-item-219\" class=\"menu-item menu-item-type-post_type menu-item-object-page menu-item-219\"><a href=\"https:\/\/bicefalos.ar\/bice\/nosotres\/\">Proyecto<\/a><\/li>\n<li id=\"menu-item-218\" class=\"menu-item menu-item-type-post_type menu-item-object-page menu-item-218\"><a href=\"https:\/\/bicefalos.ar\/bice\/contacto\/\">Contacto<\/a><\/li>\n<\/ul>                <button class=\"eael-simple-menu-toggle\">\n                    <span class=\"sr-only \">Hamburger Toggle Menu<\/span>\n                    <i aria-hidden=\"true\" class=\"fas fa-bars\"><\/i>                <\/button>\n            <\/div>\n            \t\t<\/div>\n\t\t\t\t<\/div>\n\t\t\t\t\t<\/div>\n\t\t<\/div>\n\t\t\t\t\t<\/div>\n\t\t<\/section>\n\t\t\t\t<\/div>\n\t\t<\/div>\n\t\t\t\t<\/div>\n\t\t\t\t<\/div>\n\t\t\t\t\t<\/div>\n\t\t<\/div>\n\t\t\t\t\t<\/div>\n\t\t<\/section>\n\t\t\t\t<section class=\"elementor-section elementor-top-section elementor-element elementor-element-42601ef1 elementor-section-full_width elementor-section-height-min-height elementor-section-height-default elementor-section-items-middle\" data-id=\"42601ef1\" data-element_type=\"section\" data-settings=\"{&quot;background_background&quot;:&quot;classic&quot;}\">\n\t\t\t\t\t\t<div class=\"elementor-container elementor-column-gap-no\">\n\t\t\t\t\t<div class=\"elementor-column elementor-col-100 elementor-top-column elementor-element elementor-element-70ffd0ec\" data-id=\"70ffd0ec\" data-element_type=\"column\">\n\t\t\t<div class=\"elementor-widget-wrap elementor-element-populated\">\n\t\t\t\t\t\t<div class=\"elementor-element elementor-element-c579370 elementor-widget elementor-widget-image\" data-id=\"c579370\" data-element_type=\"widget\" data-widget_type=\"image.default\">\n\t\t\t\t<div class=\"elementor-widget-container\">\n\t\t\t\t\t\t\t\t\t\t\t\t\t<img fetchpriority=\"high\" decoding=\"async\" width=\"506\" height=\"101\" src=\"https:\/\/bicefalos.ar\/bice\/wp-content\/uploads\/2023\/03\/LOGOS-Ediciones-BICEFALOS-5-1.svg\" class=\"attachment-full size-full wp-image-2201\" alt=\"BICEFALOS5\" \/>\t\t\t\t\t\t\t\t\t\t\t\t\t<\/div>\n\t\t\t\t<\/div>\n\t\t\t\t<div class=\"elementor-element elementor-element-4ede202a elementor-arrows-position-inside elementor-pagination-position-outside elementor-widget elementor-widget-image-carousel\" data-id=\"4ede202a\" data-element_type=\"widget\" data-settings=\"{&quot;slides_to_show&quot;:&quot;2&quot;,&quot;navigation&quot;:&quot;both&quot;,&quot;autoplay&quot;:&quot;yes&quot;,&quot;pause_on_hover&quot;:&quot;yes&quot;,&quot;pause_on_interaction&quot;:&quot;yes&quot;,&quot;autoplay_speed&quot;:5000,&quot;infinite&quot;:&quot;yes&quot;,&quot;speed&quot;:500}\" data-widget_type=\"image-carousel.default\">\n\t\t\t\t<div class=\"elementor-widget-container\">\n\t\t\t\t\t<div class=\"elementor-image-carousel-wrapper swiper\" dir=\"ltr\">\n\t\t\t<div class=\"elementor-image-carousel swiper-wrapper\" aria-live=\"off\">\n\t\t\t\t\t\t\t\t<div class=\"swiper-slide\" role=\"group\" aria-roledescription=\"slide\" aria-label=\"1 of 4\"><figure class=\"swiper-slide-inner\"><img decoding=\"async\" class=\"swiper-slide-image\" src=\"https:\/\/bicefalos.ar\/bice\/wp-content\/uploads\/2022\/08\/CICLO5-2-1200x700.webp\" alt=\"CICLO5-2\" \/><\/figure><\/div><div class=\"swiper-slide\" role=\"group\" aria-roledescription=\"slide\" aria-label=\"2 of 4\"><figure class=\"swiper-slide-inner\"><img decoding=\"async\" class=\"swiper-slide-image\" src=\"https:\/\/bicefalos.ar\/bice\/wp-content\/uploads\/2022\/10\/WEBBICE5-1200x700.webp\" alt=\"WEBBICE5\" \/><\/figure><\/div><div class=\"swiper-slide\" role=\"group\" aria-roledescription=\"slide\" aria-label=\"3 of 4\"><figure class=\"swiper-slide-inner\"><img decoding=\"async\" class=\"swiper-slide-image\" src=\"https:\/\/bicefalos.ar\/bice\/wp-content\/uploads\/2022\/08\/CICLO5-3-1200x700.webp\" alt=\"CICLO5-3\" \/><\/figure><\/div><div class=\"swiper-slide\" role=\"group\" aria-roledescription=\"slide\" aria-label=\"4 of 4\"><figure class=\"swiper-slide-inner\"><img decoding=\"async\" class=\"swiper-slide-image\" src=\"https:\/\/bicefalos.ar\/bice\/wp-content\/uploads\/2022\/08\/CICLO5-1-1200x700.webp\" alt=\"CICLO5-1\" \/><\/figure><\/div>\t\t\t<\/div>\n\t\t\t\t\t\t\t\t\t\t\t\t<div class=\"elementor-swiper-button elementor-swiper-button-prev\" role=\"button\" tabindex=\"0\">\n\t\t\t\t\t\t<i aria-hidden=\"true\" class=\"eicon-chevron-left\"><\/i>\t\t\t\t\t<\/div>\n\t\t\t\t\t<div class=\"elementor-swiper-button elementor-swiper-button-next\" role=\"button\" tabindex=\"0\">\n\t\t\t\t\t\t<i aria-hidden=\"true\" class=\"eicon-chevron-right\"><\/i>\t\t\t\t\t<\/div>\n\t\t\t\t\n\t\t\t\t\t\t\t\t\t<div class=\"swiper-pagination\"><\/div>\n\t\t\t\t\t\t\t\t\t<\/div>\n\t\t\t\t<\/div>\n\t\t\t\t<\/div>\n\t\t\t\t<section class=\"elementor-section elementor-inner-section elementor-element elementor-element-5d6cb956 elementor-section-full_width elementor-section-height-default elementor-section-height-default\" data-id=\"5d6cb956\" data-element_type=\"section\">\n\t\t\t\t\t\t<div class=\"elementor-container elementor-column-gap-default\">\n\t\t\t\t\t<div class=\"elementor-column elementor-col-50 elementor-inner-column elementor-element elementor-element-b0caede\" data-id=\"b0caede\" data-element_type=\"column\">\n\t\t\t<div class=\"elementor-widget-wrap elementor-element-populated\">\n\t\t\t\t\t\t<div class=\"elementor-element elementor-element-a798f0c elementor-widget elementor-widget-text-editor\" data-id=\"a798f0c\" data-element_type=\"widget\" data-widget_type=\"text-editor.default\">\n\t\t\t\t<div class=\"elementor-widget-container\">\n\t\t\t\t\t\t\t<p>BIC\u0112FALOS 5<\/p>\n<p>Edici\u00f3n virtual. El dramaturgo, performer y actor Nahuel Cano (\u00c1msterdam, Holanda) y el artista audiovisual y m\u00fasico Fabi\u00e1n Urban (Neuqu\u00e9n, Argentina) bajo la pauta \u201cEl pr\u00f3ximo cuerpo\u201d, quienes abrieron su investigaci\u00f3n por Instagram.<br>Apertura online 14 de diciembre 2020 por Instagram.<\/p>\t\t\t\t\t\t<\/div>\n\t\t\t\t<\/div>\n\t\t\t\t\t<\/div>\n\t\t<\/div>\n\t\t\t\t<div class=\"elementor-column elementor-col-50 elementor-inner-column elementor-element elementor-element-26dd3b75\" data-id=\"26dd3b75\" data-element_type=\"column\">\n\t\t\t<div class=\"elementor-widget-wrap elementor-element-populated\">\n\t\t\t\t\t\t<div class=\"elementor-element elementor-element-0da7ec6 elementor-widget elementor-widget-video\" data-id=\"0da7ec6\" data-element_type=\"widget\" data-settings=\"{&quot;youtube_url&quot;:&quot;https:\\\/\\\/youtu.be\\\/vhKJ6hrGwwY&quot;,&quot;video_type&quot;:&quot;youtube&quot;,&quot;controls&quot;:&quot;yes&quot;}\" data-widget_type=\"video.default\">\n\t\t\t\t<div class=\"elementor-widget-container\">\n\t\t\t\t\t<div class=\"elementor-wrapper elementor-open-inline\">\n\t\t\t<div class=\"elementor-video\"><\/div>\t\t<\/div>\n\t\t\t\t<\/div>\n\t\t\t\t<\/div>\n\t\t\t\t\t<\/div>\n\t\t<\/div>\n\t\t\t\t\t<\/div>\n\t\t<\/section>\n\t\t\t\t\t<\/div>\n\t\t<\/div>\n\t\t\t\t\t<\/div>\n\t\t<\/section>\n\t\t\t\t<section class=\"elementor-section elementor-inner-section elementor-element elementor-element-501fc67b elementor-section-full_width elementor-section-height-min-height elementor-section-height-default\" data-id=\"501fc67b\" data-element_type=\"section\" data-settings=\"{&quot;background_background&quot;:&quot;classic&quot;}\">\n\t\t\t\t\t\t<div class=\"elementor-container elementor-column-gap-default\">\n\t\t\t\t\t<div class=\"elementor-column elementor-col-100 elementor-inner-column elementor-element elementor-element-1672734c\" data-id=\"1672734c\" data-element_type=\"column\">\n\t\t\t<div class=\"elementor-widget-wrap elementor-element-populated\">\n\t\t\t\t\t\t<div class=\"elementor-element elementor-element-35563aba elementor-widget elementor-widget-image\" data-id=\"35563aba\" data-element_type=\"widget\" data-widget_type=\"image.default\">\n\t\t\t\t<div class=\"elementor-widget-container\">\n\t\t\t\t\t\t\t\t\t\t\t\t\t\t<a href=\"https:\/\/youtu.be\/vhKJ6hrGwwY\" target=\"_blank\">\n\t\t\t\t\t\t\t<img decoding=\"async\" width=\"1200\" height=\"700\" src=\"https:\/\/bicefalos.ar\/bice\/wp-content\/uploads\/2022\/10\/WEBBICE5.webp\" class=\"attachment-full size-full wp-image-1558\" alt=\"WEBBICE5\" srcset=\"https:\/\/bicefalos.ar\/bice\/wp-content\/uploads\/2022\/10\/WEBBICE5.webp 1200w, https:\/\/bicefalos.ar\/bice\/wp-content\/uploads\/2022\/10\/WEBBICE5-300x175.webp 300w, https:\/\/bicefalos.ar\/bice\/wp-content\/uploads\/2022\/10\/WEBBICE5-1024x597.webp 1024w, https:\/\/bicefalos.ar\/bice\/wp-content\/uploads\/2022\/10\/WEBBICE5-768x448.webp 768w\" sizes=\"(max-width: 1200px) 100vw, 1200px\" \/>\t\t\t\t\t\t\t\t<\/a>\n\t\t\t\t\t\t\t\t\t\t\t\t\t<\/div>\n\t\t\t\t<\/div>\n\t\t\t\t<div class=\"elementor-element elementor-element-47d7e352 elementor-widget__width-initial elementor-widget elementor-widget-text-editor\" data-id=\"47d7e352\" data-element_type=\"widget\" data-widget_type=\"text-editor.default\">\n\t\t\t\t<div class=\"elementor-widget-container\">\n\t\t\t\t\t\t\t<p><strong>FABIAN URBAN<\/strong><\/p><p>Nac\u00ed en Neuqu\u00e9n, el \u00faltimo d\u00eda de invierno de 1976<br \/>Soy artista visual, m\u00fasico, docente e investigador experimental.<br \/>Me recib\u00ed de Profesor en Cinematograf\u00eda y Nuevos Medios por el IUPA, y me falt\u00f3 el \u00faltimo examen del profesorado de guitarra cl\u00e1sica. Tambi\u00e9n soy diplomado en Medios Interactivos por la Universidad de C\u00f3rdoba y curso la Maestr\u00eda en Artes Electr\u00f3nicas en la UNTREF.<br \/>Considero que mi trabajo se basa en una relaci\u00f3n flexible entre las artes, las ciencias y las tecnolog\u00edas. Considero tambi\u00e9n que el objeto est\u00e9tico no imita ni representa al mundo y que el v\u00ednculo entre el objeto y el mundo no es identitario. <br \/>Desde hace quince a\u00f1os uso m\u00faltiples soportes como el video, el bioarte, la instalaci\u00f3n, la performance, el arte sonoro, la programaci\u00f3n, la electr\u00f3nica creativa, la rob\u00f3tica, el texto y los recursos en red. <br \/>Mi trabajo sonoro se basa en la deconstrucci\u00f3n de grabaciones de campo, s\u00edntesis y en el uso creativo de los errores que surjen del mal uso que hago de la tecnolog\u00eda. Creo mis propios instrumentos con deshueses tecnol\u00f3gicos y tecnolog\u00eda de bajo presupuesto para la composici\u00f3n algor\u00edtmica-generativa. <br \/>Me gusta pensarme ubicado en alg\u00fan lugar incierto entre lo aural y lo visual, con la intuici\u00f3n como gu\u00eda. <br \/>Desde hace varios a\u00f1os participo en numerosas muestras de artes visuales y conciertos de m\u00fasica experimental.<br \/>Soy profesor de las c\u00e1tedras Arte y Tecnolog\u00eda I y II de la escuela de Bellas Artes de Neuqu\u00e9n, donde adem\u00e1s coordino un Laboratorio de Medios electr\u00f3nicos donde trabajamos las diferentes tensiones entre cuerpxs y territorios.<br \/>Vivo, amo y trabajo en el Alto Valle de R\u00edo Negro y Neuqu\u00e9n<\/p><p><strong>NAHUEL CANO<\/strong><\/p><p>Naci\u00f3 en Neuqu\u00e9n en 1982. Actualmente vive y trabaja en Los Pa\u00edses Bajos. Es actor, creador de teatro y experimentador sonoro. Su campo de acci\u00f3n art\u00edstica es m\u00f3vil, explora las posibilidades de la performance, el sonido, y el teatro. En 2020 se gradu\u00f3 en el programa de M\u00e1ster de DAS Theatre en \u00c1msterdam. <br \/>Como actor, ha trabajado tanto en cine como en teatro con importantes directores como Lucrecia Martel, Lotte van Der Berg, Diederik Van Rooijen, Juan Pablo G\u00f3mez y Alejandro Tantani\u00e1n, entre otros. <br \/>Desde 2010 hasta 2017 como creador Nahuel desarroll\u00f3 sus proyectos art\u00edsticos junto a su grupo &#8220;El Cuarto&#8221; (www.estudioelcuarto.com), estos trabajos han sido presentados en m\u00faltiples festivales internacionales y han recibido apoyos y premios de instituciones nacionales e internacionales. Tambi\u00e9n form\u00f3 parte de la compa\u00f1\u00eda Un Hueco con la que crearon tres espect\u00e1culos (Un Hueco, Los Pactos, Prueba y Error).<br \/>Nahuel es tambi\u00e9n miembro fundador de Escena Pol\u00edtica (www.escenapolitica.org), un colectivo art\u00edstico que ha organizado intervenciones, foros y performances en Buenos Aires. <br \/>Trabaj\u00f3 como dise\u00f1ador de sonido de las performances &#8220;If every rock is a hole&#8221; de Amparo Gonz\u00e1lez y &#8220;Omen&#8221; de Ingrid Vranken. En este momento, est\u00e1 trabajando en un tr\u00edptico de piezas sonoras con el ensamble de m\u00fasica experimental Modelo62.<br \/>INSTAGRAM: @ nahuelcano2<br \/>LINKTREE: https:\/\/linktr.ee\/nahuelcano<\/p>\t\t\t\t\t\t<\/div>\n\t\t\t\t<\/div>\n\t\t\t\t\t<\/div>\n\t\t<\/div>\n\t\t\t\t\t<\/div>\n\t\t<\/section>\n\t\t\t\t<\/div>\n\t\t","protected":false},"excerpt":{"rendered":"<p>Anterior Siguiente BIC\u0112FALOS 5 Edici\u00f3n virtual. El dramaturgo, performer y actor Nahuel Cano (\u00c1msterdam, Holanda) y el artista audiovisual y m\u00fasico Fabi\u00e1n Urban (Neuqu\u00e9n, Argentina) bajo la pauta \u201cEl pr\u00f3ximo cuerpo\u201d, quienes abrieron su investigaci\u00f3n por Instagram.Apertura online 14 de diciembre 2020 por Instagram. https:\/\/youtu.be\/vhKJ6hrGwwY FABIAN URBAN Nac\u00ed en Neuqu\u00e9n, el \u00faltimo d\u00eda de invierno [&hellip;]<\/p>\n","protected":false},"author":1,"featured_media":0,"parent":0,"menu_order":0,"comment_status":"closed","ping_status":"closed","template":"","meta":{"om_disable_all_campaigns":false,"inline_featured_image":false,"_monsterinsights_skip_tracking":false,"_monsterinsights_sitenote_active":false,"_monsterinsights_sitenote_note":"","_monsterinsights_sitenote_category":0,"footnotes":""},"class_list":["post-1053","page","type-page","status-publish","hentry","entry"],"aioseo_notices":[],"_links":{"self":[{"href":"https:\/\/bicefalos.ar\/bice\/wp-json\/wp\/v2\/pages\/1053","targetHints":{"allow":["GET"]}}],"collection":[{"href":"https:\/\/bicefalos.ar\/bice\/wp-json\/wp\/v2\/pages"}],"about":[{"href":"https:\/\/bicefalos.ar\/bice\/wp-json\/wp\/v2\/types\/page"}],"author":[{"embeddable":true,"href":"https:\/\/bicefalos.ar\/bice\/wp-json\/wp\/v2\/users\/1"}],"replies":[{"embeddable":true,"href":"https:\/\/bicefalos.ar\/bice\/wp-json\/wp\/v2\/comments?post=1053"}],"version-history":[{"count":98,"href":"https:\/\/bicefalos.ar\/bice\/wp-json\/wp\/v2\/pages\/1053\/revisions"}],"predecessor-version":[{"id":2406,"href":"https:\/\/bicefalos.ar\/bice\/wp-json\/wp\/v2\/pages\/1053\/revisions\/2406"}],"wp:attachment":[{"href":"https:\/\/bicefalos.ar\/bice\/wp-json\/wp\/v2\/media?parent=1053"}],"curies":[{"name":"wp","href":"https:\/\/api.w.org\/{rel}","templated":true}]}}