{"id":2345,"date":"2023-06-29T20:31:10","date_gmt":"2023-06-29T23:31:10","guid":{"rendered":"https:\/\/bicefalos.ar\/bice\/?page_id=2345"},"modified":"2023-07-04T19:32:13","modified_gmt":"2023-07-04T22:32:13","slug":"edicion-8","status":"publish","type":"page","link":"https:\/\/bicefalos.ar\/bice\/edicion-8\/","title":{"rendered":"Edici\u00f3n 8"},"content":{"rendered":"\t\t<div data-elementor-type=\"wp-page\" data-elementor-id=\"2345\" class=\"elementor elementor-2345\">\n\t\t\t\t\t\t<section class=\"elementor-section elementor-top-section elementor-element elementor-element-5622a4a7 elementor-section-boxed elementor-section-height-default elementor-section-height-default\" data-id=\"5622a4a7\" data-element_type=\"section\">\n\t\t\t\t\t\t<div class=\"elementor-container elementor-column-gap-default\">\n\t\t\t\t\t<div class=\"elementor-column elementor-col-100 elementor-top-column elementor-element elementor-element-64f871a8\" data-id=\"64f871a8\" data-element_type=\"column\">\n\t\t\t<div class=\"elementor-widget-wrap elementor-element-populated\">\n\t\t\t\t\t\t<div class=\"elementor-element elementor-element-dad2b98 elementor-widget elementor-widget-shortcode\" data-id=\"dad2b98\" data-element_type=\"widget\" data-widget_type=\"shortcode.default\">\n\t\t\t\t<div class=\"elementor-widget-container\">\n\t\t\t\t\t<div class=\"elementor-shortcode\">\t\t<div data-elementor-type=\"wp-post\" data-elementor-id=\"1295\" class=\"elementor elementor-1295\">\n\t\t\t\t\t\t<section class=\"elementor-section elementor-top-section elementor-element elementor-element-6225b1d6 elementor-section-boxed elementor-section-height-default elementor-section-height-default\" data-id=\"6225b1d6\" data-element_type=\"section\">\n\t\t\t\t\t\t<div class=\"elementor-container elementor-column-gap-default\">\n\t\t\t\t\t<div class=\"elementor-column elementor-col-100 elementor-top-column elementor-element elementor-element-5eb439f8\" data-id=\"5eb439f8\" data-element_type=\"column\">\n\t\t\t<div class=\"elementor-widget-wrap elementor-element-populated\">\n\t\t\t\t\t\t<div class=\"elementor-element elementor-element-3e4d499b eael_simple_menu_hamburger_disable_selected_menu_no eael-simple-menu-hamburger-align-right eael-hamburger--tablet elementor-widget elementor-widget-eael-simple-menu\" data-id=\"3e4d499b\" data-element_type=\"widget\" data-widget_type=\"eael-simple-menu.default\">\n\t\t\t\t<div class=\"elementor-widget-container\">\n\t\t\t<style>\n                        @media screen and (max-width: 1024px) {\n                            .eael-hamburger--tablet {\n                                .eael-simple-menu-horizontal,\n                                .eael-simple-menu-vertical {\n                                    display: none;\n                                }\n                            }\n                            .eael-hamburger--tablet {\n                                .eael-simple-menu-container .eael-simple-menu-toggle {\n                                    display: block;\n                                }\n                            }\n                        }\n                    <\/style>            <div data-hamburger-icon=\"&lt;i aria-hidden=&quot;true&quot; class=&quot;fas fa-bars&quot;&gt;&lt;\/i&gt;\" data-indicator-icon=\"&lt;i aria-hidden=&quot;true&quot; class=&quot;fas fa-angle-down&quot;&gt;&lt;\/i&gt;\" data-dropdown-indicator-icon=\"&lt;i class=&quot;fas fa-angle-down&quot;&gt;&lt;\/i&gt;\" class=\"eael-simple-menu-container eael-simple-menu-align-right eael-simple-menu--stretch eael-simple-menu-dropdown-align-left preset-3\" data-hamburger-breakpoints=\"{&quot;mobile&quot;:&quot;Mobile Portrait (&gt; 767px)&quot;,&quot;tablet&quot;:&quot;Tablet Portrait (&gt; 1024px)&quot;,&quot;desktop&quot;:&quot;Desktop (&gt; 2400px)&quot;,&quot;none&quot;:&quot;None&quot;}\" data-hamburger-device=\"tablet\">\n                <ul id=\"menu-principal\" class=\"eael-simple-menu eael-simple-menu-dropdown-animate-to-top eael-simple-menu-indicator eael-simple-menu-horizontal\"><li id=\"menu-item-221\" class=\"menu-item menu-item-type-post_type menu-item-object-page menu-item-home menu-item-221\"><a href=\"https:\/\/bicefalos.ar\/bice\/\">Inicio<\/a><\/li>\n<li id=\"menu-item-946\" class=\"menu-item menu-item-type-custom menu-item-object-custom menu-item-has-children menu-item-946\"><a href=\"#\">Edici\u00f3n<\/a>\n<ul class=\"sub-menu\">\n\t<li id=\"menu-item-2490\" class=\"menu-item menu-item-type-post_type menu-item-object-page menu-item-2490\"><a href=\"https:\/\/bicefalos.ar\/bice\/12-b-parra-d-delvas\/\">12. B. Parra \u2013 D. Delvas<\/a><\/li>\n\t<li id=\"menu-item-2476\" class=\"menu-item menu-item-type-post_type menu-item-object-page menu-item-2476\"><a href=\"https:\/\/bicefalos.ar\/bice\/11-gonzalez-blanco\/\">11. Gonz\u00e1lez \u2013 Blanco<\/a><\/li>\n\t<li id=\"menu-item-2460\" class=\"menu-item menu-item-type-post_type menu-item-object-page menu-item-2460\"><a href=\"https:\/\/bicefalos.ar\/bice\/10-belich-peters-bravo\/\">10. Belich \u2013 Peters Bravo<\/a><\/li>\n\t<li id=\"menu-item-2387\" class=\"menu-item menu-item-type-post_type menu-item-object-page menu-item-2387\"><a href=\"https:\/\/bicefalos.ar\/bice\/edicion-09\/\">9. Venica &#8211; D\u00e1vila<\/a><\/li>\n\t<li id=\"menu-item-2346\" class=\"menu-item menu-item-type-post_type menu-item-object-page menu-item-2346\"><a href=\"https:\/\/bicefalos.ar\/bice\/edicion-8\/\">8. Burgos &#8211; Luck<\/a><\/li>\n\t<li id=\"menu-item-2150\" class=\"menu-item menu-item-type-post_type menu-item-object-page menu-item-2150\"><a href=\"https:\/\/bicefalos.ar\/bice\/bicefalos-7\/\">7. Aquino &#8211; Landeta<\/a><\/li>\n\t<li id=\"menu-item-2121\" class=\"menu-item menu-item-type-post_type menu-item-object-page menu-item-2121\"><a href=\"https:\/\/bicefalos.ar\/bice\/edicion-6\/\">6. Vitta &#8211; Segade<\/a><\/li>\n\t<li id=\"menu-item-1069\" class=\"menu-item menu-item-type-post_type menu-item-object-page menu-item-1069\"><a href=\"https:\/\/bicefalos.ar\/bice\/ciclo-05\/\">5. Urban &#8211; Cano<\/a><\/li>\n\t<li id=\"menu-item-923\" class=\"menu-item menu-item-type-post_type menu-item-object-page menu-item-923\"><a href=\"https:\/\/bicefalos.ar\/bice\/bicefalos-4\/\">4. Opazo &#8211; Guidetti<\/a><\/li>\n\t<li id=\"menu-item-924\" class=\"menu-item menu-item-type-post_type menu-item-object-page menu-item-924\"><a href=\"https:\/\/bicefalos.ar\/bice\/bicefalos-3\/\">3. Tencer &#8211; Gasparini<\/a><\/li>\n\t<li id=\"menu-item-925\" class=\"menu-item menu-item-type-post_type menu-item-object-page menu-item-925\"><a href=\"https:\/\/bicefalos.ar\/bice\/bicefalos-2\/\">2. Rubinstein &#8211; V. Corbal\u00e1n<\/a><\/li>\n\t<li id=\"menu-item-926\" class=\"menu-item menu-item-type-post_type menu-item-object-page menu-item-926\"><a href=\"https:\/\/bicefalos.ar\/bice\/bicefalos-1\/\">1. Gonz\u00e1lez Sola &#8211; Segade<\/a><\/li>\n<\/ul>\n<\/li>\n<li id=\"menu-item-220\" class=\"menu-item menu-item-type-post_type menu-item-object-page menu-item-220\"><a href=\"https:\/\/bicefalos.ar\/bice\/programacion\/\">Programaci\u00f3n<\/a><\/li>\n<li id=\"menu-item-219\" class=\"menu-item menu-item-type-post_type menu-item-object-page menu-item-219\"><a href=\"https:\/\/bicefalos.ar\/bice\/nosotres\/\">Proyecto<\/a><\/li>\n<li id=\"menu-item-218\" class=\"menu-item menu-item-type-post_type menu-item-object-page menu-item-218\"><a href=\"https:\/\/bicefalos.ar\/bice\/contacto\/\">Contacto<\/a><\/li>\n<\/ul>                <button class=\"eael-simple-menu-toggle\">\n                    <span class=\"sr-only \">Hamburger Toggle Menu<\/span>\n                    <i aria-hidden=\"true\" class=\"fas fa-bars\"><\/i>                <\/button>\n            <\/div>\n            \t\t<\/div>\n\t\t\t\t<\/div>\n\t\t\t\t\t<\/div>\n\t\t<\/div>\n\t\t\t\t\t<\/div>\n\t\t<\/section>\n\t\t\t\t<\/div>\n\t\t<\/div>\n\t\t\t\t<\/div>\n\t\t\t\t<\/div>\n\t\t\t\t\t<\/div>\n\t\t<\/div>\n\t\t\t\t\t<\/div>\n\t\t<\/section>\n\t\t\t\t<section class=\"elementor-section elementor-top-section elementor-element elementor-element-594371e4 elementor-section-full_width elementor-section-height-min-height elementor-section-items-top elementor-section-height-default\" data-id=\"594371e4\" data-element_type=\"section\" data-settings=\"{&quot;background_background&quot;:&quot;classic&quot;}\">\n\t\t\t\t\t\t<div class=\"elementor-container elementor-column-gap-no\">\n\t\t\t\t\t<div class=\"elementor-column elementor-col-100 elementor-top-column elementor-element elementor-element-506a9b93\" data-id=\"506a9b93\" data-element_type=\"column\">\n\t\t\t<div class=\"elementor-widget-wrap elementor-element-populated\">\n\t\t\t\t\t\t<div class=\"elementor-element elementor-element-7b82be7f elementor-widget elementor-widget-image\" data-id=\"7b82be7f\" data-element_type=\"widget\" data-widget_type=\"image.default\">\n\t\t\t\t<div class=\"elementor-widget-container\">\n\t\t\t\t\t\t\t\t\t\t\t\t\t<img fetchpriority=\"high\" decoding=\"async\" width=\"506\" height=\"101\" src=\"https:\/\/bicefalos.ar\/bice\/wp-content\/uploads\/2023\/03\/LOGOS-Ediciones-BICEFALOS-8-1.svg\" class=\"attachment-full size-full wp-image-2204\" alt=\"LOGOS Ediciones BICEFALOS - 8\" \/>\t\t\t\t\t\t\t\t\t\t\t\t\t<\/div>\n\t\t\t\t<\/div>\n\t\t\t\t<div class=\"elementor-element elementor-element-2976858a elementor-arrows-position-inside elementor-pagination-position-outside elementor-widget elementor-widget-image-carousel\" data-id=\"2976858a\" data-element_type=\"widget\" data-settings=\"{&quot;slides_to_show&quot;:&quot;2&quot;,&quot;navigation&quot;:&quot;both&quot;,&quot;autoplay&quot;:&quot;yes&quot;,&quot;pause_on_hover&quot;:&quot;yes&quot;,&quot;pause_on_interaction&quot;:&quot;yes&quot;,&quot;autoplay_speed&quot;:5000,&quot;infinite&quot;:&quot;yes&quot;,&quot;speed&quot;:500}\" data-widget_type=\"image-carousel.default\">\n\t\t\t\t<div class=\"elementor-widget-container\">\n\t\t\t\t\t<div class=\"elementor-image-carousel-wrapper swiper\" dir=\"ltr\">\n\t\t\t<div class=\"elementor-image-carousel swiper-wrapper\" aria-live=\"off\">\n\t\t\t\t\t\t\t\t<div class=\"swiper-slide\" role=\"group\" aria-roledescription=\"slide\" aria-label=\"1 of 11\"><figure class=\"swiper-slide-inner\"><img decoding=\"async\" class=\"swiper-slide-image\" src=\"https:\/\/bicefalos.ar\/bice\/wp-content\/uploads\/2023\/06\/7-1200x700.webp\" alt=\"EDICION 8\" \/><\/figure><\/div><div class=\"swiper-slide\" role=\"group\" aria-roledescription=\"slide\" aria-label=\"2 of 11\"><figure class=\"swiper-slide-inner\"><img decoding=\"async\" class=\"swiper-slide-image\" src=\"https:\/\/bicefalos.ar\/bice\/wp-content\/uploads\/2023\/06\/3-1200x700.webp\" alt=\"EDICION 8\" \/><\/figure><\/div><div class=\"swiper-slide\" role=\"group\" aria-roledescription=\"slide\" aria-label=\"3 of 11\"><figure class=\"swiper-slide-inner\"><img decoding=\"async\" class=\"swiper-slide-image\" src=\"https:\/\/bicefalos.ar\/bice\/wp-content\/uploads\/2023\/06\/9-1200x700.webp\" alt=\"EDICION 8\" \/><\/figure><\/div><div class=\"swiper-slide\" role=\"group\" aria-roledescription=\"slide\" aria-label=\"4 of 11\"><figure class=\"swiper-slide-inner\"><img decoding=\"async\" class=\"swiper-slide-image\" src=\"https:\/\/bicefalos.ar\/bice\/wp-content\/uploads\/2023\/06\/1-1200x700.webp\" alt=\"EDICION 8\" \/><\/figure><\/div><div class=\"swiper-slide\" role=\"group\" aria-roledescription=\"slide\" aria-label=\"5 of 11\"><figure class=\"swiper-slide-inner\"><img decoding=\"async\" class=\"swiper-slide-image\" src=\"https:\/\/bicefalos.ar\/bice\/wp-content\/uploads\/2023\/06\/10-1200x700.webp\" alt=\"EDICION 8\" \/><\/figure><\/div><div class=\"swiper-slide\" role=\"group\" aria-roledescription=\"slide\" aria-label=\"6 of 11\"><figure class=\"swiper-slide-inner\"><img decoding=\"async\" class=\"swiper-slide-image\" src=\"https:\/\/bicefalos.ar\/bice\/wp-content\/uploads\/2023\/06\/2-1200x700.webp\" alt=\"EDICION 8\" \/><\/figure><\/div><div class=\"swiper-slide\" role=\"group\" aria-roledescription=\"slide\" aria-label=\"7 of 11\"><figure class=\"swiper-slide-inner\"><img decoding=\"async\" class=\"swiper-slide-image\" src=\"https:\/\/bicefalos.ar\/bice\/wp-content\/uploads\/2023\/06\/5-1200x700.webp\" alt=\"EDICION 8\" \/><\/figure><\/div><div class=\"swiper-slide\" role=\"group\" aria-roledescription=\"slide\" aria-label=\"8 of 11\"><figure class=\"swiper-slide-inner\"><img decoding=\"async\" class=\"swiper-slide-image\" src=\"https:\/\/bicefalos.ar\/bice\/wp-content\/uploads\/2023\/06\/11-1200x700.webp\" alt=\"EDICION 8\" \/><\/figure><\/div><div class=\"swiper-slide\" role=\"group\" aria-roledescription=\"slide\" aria-label=\"9 of 11\"><figure class=\"swiper-slide-inner\"><img decoding=\"async\" class=\"swiper-slide-image\" src=\"https:\/\/bicefalos.ar\/bice\/wp-content\/uploads\/2023\/06\/4-1200x700.webp\" alt=\"EDICION 8\" \/><\/figure><\/div><div class=\"swiper-slide\" role=\"group\" aria-roledescription=\"slide\" aria-label=\"10 of 11\"><figure class=\"swiper-slide-inner\"><img decoding=\"async\" class=\"swiper-slide-image\" src=\"https:\/\/bicefalos.ar\/bice\/wp-content\/uploads\/2023\/06\/6-1200x700.webp\" alt=\"EDICION 8\" \/><\/figure><\/div><div class=\"swiper-slide\" role=\"group\" aria-roledescription=\"slide\" aria-label=\"11 of 11\"><figure class=\"swiper-slide-inner\"><img decoding=\"async\" class=\"swiper-slide-image\" src=\"https:\/\/bicefalos.ar\/bice\/wp-content\/uploads\/2023\/06\/8-1200x700.webp\" alt=\"EDICION 8\" \/><\/figure><\/div>\t\t\t<\/div>\n\t\t\t\t\t\t\t\t\t\t\t\t<div class=\"elementor-swiper-button elementor-swiper-button-prev\" role=\"button\" tabindex=\"0\">\n\t\t\t\t\t\t<i aria-hidden=\"true\" class=\"eicon-chevron-left\"><\/i>\t\t\t\t\t<\/div>\n\t\t\t\t\t<div class=\"elementor-swiper-button elementor-swiper-button-next\" role=\"button\" tabindex=\"0\">\n\t\t\t\t\t\t<i aria-hidden=\"true\" class=\"eicon-chevron-right\"><\/i>\t\t\t\t\t<\/div>\n\t\t\t\t\n\t\t\t\t\t\t\t\t\t<div class=\"swiper-pagination\"><\/div>\n\t\t\t\t\t\t\t\t\t<\/div>\n\t\t\t\t<\/div>\n\t\t\t\t<\/div>\n\t\t\t\t<section class=\"elementor-section elementor-inner-section elementor-element elementor-element-f2a5088 elementor-section-full_width elementor-section-height-default elementor-section-height-default\" data-id=\"f2a5088\" data-element_type=\"section\">\n\t\t\t\t\t\t<div class=\"elementor-container elementor-column-gap-default\">\n\t\t\t\t\t<div class=\"elementor-column elementor-col-50 elementor-inner-column elementor-element elementor-element-5cd69c50\" data-id=\"5cd69c50\" data-element_type=\"column\">\n\t\t\t<div class=\"elementor-widget-wrap elementor-element-populated\">\n\t\t\t\t\t\t<div class=\"elementor-element elementor-element-1076e16c elementor-widget elementor-widget-text-editor\" data-id=\"1076e16c\" data-element_type=\"widget\" data-widget_type=\"text-editor.default\">\n\t\t\t\t<div class=\"elementor-widget-container\">\n\t\t\t\t\t\t\t<p>BIC\u0112FALOS 08<\/p>\n<div>\n<p>Esta edici\u00f3n surgi\u00f3 de la colaboraci\u00f3n del colectivo BIC\u00c9FALOS con la Secretar\u00eda de investigaci\u00f3n de la Escuela Superior de Bellas Artes&nbsp; de la ciudad de Neuqu\u00e9n.&nbsp;Reuni\u00f3 a la artista pl\u00e1stica Cynchu Luck, egresada del departamento de Artes Visuales, con la actriz Alba Burgos, profesora del departamento de Arte Dram\u00e1tico de la ESBA,&nbsp;bajo la pauta \u201cCUERPO COM\u00daN\u201d.&nbsp;Abrieron su prueba el 19 de noviembre del 2022 en la Escuela Experimental de Danza Contempor\u00e1nea,&nbsp; Neuqu\u00e9n.<\/p>\n<\/div>\t\t\t\t\t\t<\/div>\n\t\t\t\t<\/div>\n\t\t\t\t\t<\/div>\n\t\t<\/div>\n\t\t\t\t<div class=\"elementor-column elementor-col-50 elementor-inner-column elementor-element elementor-element-4d45aca0\" data-id=\"4d45aca0\" data-element_type=\"column\">\n\t\t\t<div class=\"elementor-widget-wrap elementor-element-populated\">\n\t\t\t\t\t\t<div class=\"elementor-element elementor-element-ea80162 elementor-widget elementor-widget-video\" data-id=\"ea80162\" data-element_type=\"widget\" data-settings=\"{&quot;youtube_url&quot;:&quot;https:\\\/\\\/youtu.be\\\/G8NyFwo8_AE&quot;,&quot;video_type&quot;:&quot;youtube&quot;,&quot;controls&quot;:&quot;yes&quot;}\" data-widget_type=\"video.default\">\n\t\t\t\t<div class=\"elementor-widget-container\">\n\t\t\t\t\t<div class=\"elementor-wrapper elementor-open-inline\">\n\t\t\t<div class=\"elementor-video\"><\/div>\t\t<\/div>\n\t\t\t\t<\/div>\n\t\t\t\t<\/div>\n\t\t\t\t\t<\/div>\n\t\t<\/div>\n\t\t\t\t\t<\/div>\n\t\t<\/section>\n\t\t\t\t\t<\/div>\n\t\t<\/div>\n\t\t\t\t\t<\/div>\n\t\t<\/section>\n\t\t\t\t<section class=\"elementor-section elementor-top-section elementor-element elementor-element-7253d742 elementor-section-full_width elementor-section-height-min-height elementor-section-height-default elementor-section-items-middle\" data-id=\"7253d742\" data-element_type=\"section\" data-settings=\"{&quot;background_background&quot;:&quot;classic&quot;}\">\n\t\t\t\t\t\t<div class=\"elementor-container elementor-column-gap-default\">\n\t\t\t\t\t<div class=\"elementor-column elementor-col-100 elementor-top-column elementor-element elementor-element-4462ff72\" data-id=\"4462ff72\" data-element_type=\"column\">\n\t\t\t<div class=\"elementor-widget-wrap elementor-element-populated\">\n\t\t\t\t\t\t<div class=\"elementor-element elementor-element-269b07d0 elementor-widget elementor-widget-image\" data-id=\"269b07d0\" data-element_type=\"widget\" data-widget_type=\"image.default\">\n\t\t\t\t<div class=\"elementor-widget-container\">\n\t\t\t\t\t\t\t\t\t\t\t\t\t<img decoding=\"async\" width=\"1200\" height=\"720\" src=\"https:\/\/bicefalos.ar\/bice\/wp-content\/uploads\/2023\/06\/1.webp\" class=\"attachment-full size-full wp-image-2321\" alt=\"EDICION 8\" srcset=\"https:\/\/bicefalos.ar\/bice\/wp-content\/uploads\/2023\/06\/1.webp 1200w, https:\/\/bicefalos.ar\/bice\/wp-content\/uploads\/2023\/06\/1-300x180.webp 300w, https:\/\/bicefalos.ar\/bice\/wp-content\/uploads\/2023\/06\/1-1024x614.webp 1024w, https:\/\/bicefalos.ar\/bice\/wp-content\/uploads\/2023\/06\/1-768x461.webp 768w\" sizes=\"(max-width: 1200px) 100vw, 1200px\" \/>\t\t\t\t\t\t\t\t\t\t\t\t\t<\/div>\n\t\t\t\t<\/div>\n\t\t\t\t<div class=\"elementor-element elementor-element-361c4fb6 elementor-widget__width-initial elementor-widget elementor-widget-text-editor\" data-id=\"361c4fb6\" data-element_type=\"widget\" data-widget_type=\"text-editor.default\">\n\t\t\t\t<div class=\"elementor-widget-container\">\n\t\t\t\t\t\t\t<p><strong><span style=\"font-size: 18.2px; color: var( --e-global-color-text );\">ALBA BURGOS ALMARAZ\u00a0<\/span><\/strong><\/p><p><span style=\"font-size: 18.2px; color: var( --e-global-color-text );\">Entre mis actividades est\u00e1 la docencia en la Universidad Nacional del Comahue en Literatura Griega Antigua. La tragedia griega es un punto de inter\u00e9s como tambi\u00e9n sus reescrituras, en especial desde el cuerpo en escena. La performance es otro de mis recorridos junto a las artes visuales y la actuaci\u00f3n con m\u00e1scaras. Escribo sobre procesos creativos para entender (me) en esto de aparecer en escena y la relaci\u00f3n con les espectadores. Tambi\u00e9n trabajo en las Esc. de Bellas Artes del Nqn con la historia del hecho teatral. En el \u00e1mbito independiente escribo, dirijo, act\u00fao y coordino escuelas de espectadores acompa\u00f1ada por la Asociaci\u00f3n argentina y latinoamericana de investigaci\u00f3n y cr\u00edtica teatral<\/span><\/p><p dir=\"ltr\"><strong>CYNCHU LUCK<\/strong><\/p><p dir=\"ltr\">Nac\u00ed en Cipolletti(1987) ,R\u00edo Negro, donde vivo actualmente. Soy Profesora de artes visuales, artista visual y tallerista. Entre mis intereses se encuentran la fotograf\u00eda, el dibujo, la pintura, la performance. Me gusta explorar diversos lenguajes, sobre mi cuerpo y el de un otre, mi personaje erizo y su metamorfosis; el cuerpo en\u00a0 movimiento; los insectos y otros seres.<\/p><p dir=\"ltr\"><span style=\"font-size: 18.2px; color: var( --e-global-color-text );\">He cursado varios talleres, seminarios y cl\u00ednicas de arte contempor\u00e1neo de la mano de artistas como Marina Cisneros; Fabiana Barreda; Tomas Espina; Guadalupe Ch\u00e1vez; Anna Harff; Maia Gatitas Vargas; exploraciones en performance con Gustavo Alvarez; jornadas art\u00edstico-pedag\u00f3gicas como \u201cBorrar el borde\u201d en la ESBA. Participe de muestras y exposiciones colectivas regionales, como el \u201cAlto guiso\u201d; con Mujeres creadoras de im\u00e1genes(2019\/2022); \u201cHabitar la casa\u201d en LCDB junto a Carla Pappalardo (2019) y luego junto a un grupo ef\u00edmero, &#8220;transmutantxs&#8221; (2022); Participe junto a Alba Burgos en el 8 ciclo de investigaciones perform\u00e1tica \u201cBic\u00e9falos\u201d(2022). Actualmente en el grupo \u201cMaximalismos patag\u00f3nicos\u201d, coordinado por Sofia Torres Kosiva, de la mano de Viviana Campetti.(2023).<\/span><\/p>\t\t\t\t\t\t<\/div>\n\t\t\t\t<\/div>\n\t\t\t\t\t<\/div>\n\t\t<\/div>\n\t\t\t\t\t<\/div>\n\t\t<\/section>\n\t\t\t\t<\/div>\n\t\t","protected":false},"excerpt":{"rendered":"<p>Anterior Siguiente BIC\u0112FALOS 08 Esta edici\u00f3n surgi\u00f3 de la colaboraci\u00f3n del colectivo BIC\u00c9FALOS con la Secretar\u00eda de investigaci\u00f3n de la Escuela Superior de Bellas Artes&nbsp; de la ciudad de Neuqu\u00e9n.&nbsp;Reuni\u00f3 a la artista pl\u00e1stica Cynchu Luck, egresada del departamento de Artes Visuales, con la actriz Alba Burgos, profesora del departamento de Arte Dram\u00e1tico de la [&hellip;]<\/p>\n","protected":false},"author":2,"featured_media":0,"parent":0,"menu_order":0,"comment_status":"closed","ping_status":"closed","template":"","meta":{"om_disable_all_campaigns":false,"inline_featured_image":false,"_monsterinsights_skip_tracking":false,"_monsterinsights_sitenote_active":false,"_monsterinsights_sitenote_note":"","_monsterinsights_sitenote_category":0,"footnotes":""},"class_list":["post-2345","page","type-page","status-publish","hentry","entry"],"aioseo_notices":[],"_links":{"self":[{"href":"https:\/\/bicefalos.ar\/bice\/wp-json\/wp\/v2\/pages\/2345","targetHints":{"allow":["GET"]}}],"collection":[{"href":"https:\/\/bicefalos.ar\/bice\/wp-json\/wp\/v2\/pages"}],"about":[{"href":"https:\/\/bicefalos.ar\/bice\/wp-json\/wp\/v2\/types\/page"}],"author":[{"embeddable":true,"href":"https:\/\/bicefalos.ar\/bice\/wp-json\/wp\/v2\/users\/2"}],"replies":[{"embeddable":true,"href":"https:\/\/bicefalos.ar\/bice\/wp-json\/wp\/v2\/comments?post=2345"}],"version-history":[{"count":22,"href":"https:\/\/bicefalos.ar\/bice\/wp-json\/wp\/v2\/pages\/2345\/revisions"}],"predecessor-version":[{"id":2411,"href":"https:\/\/bicefalos.ar\/bice\/wp-json\/wp\/v2\/pages\/2345\/revisions\/2411"}],"wp:attachment":[{"href":"https:\/\/bicefalos.ar\/bice\/wp-json\/wp\/v2\/media?parent=2345"}],"curies":[{"name":"wp","href":"https:\/\/api.w.org\/{rel}","templated":true}]}}