{"id":2459,"date":"2023-12-05T17:27:06","date_gmt":"2023-12-05T20:27:06","guid":{"rendered":"https:\/\/bicefalos.ar\/bice\/?page_id=2459"},"modified":"2023-12-11T17:48:58","modified_gmt":"2023-12-11T20:48:58","slug":"10-belich-peters-bravo","status":"publish","type":"page","link":"https:\/\/bicefalos.ar\/bice\/10-belich-peters-bravo\/","title":{"rendered":"10. Belich &#8211; Peters Bravo"},"content":{"rendered":"\t\t<div data-elementor-type=\"wp-page\" data-elementor-id=\"2459\" class=\"elementor elementor-2459\">\n\t\t\t\t\t\t<section class=\"elementor-section elementor-top-section elementor-element elementor-element-7929cb8e elementor-section-boxed elementor-section-height-default elementor-section-height-default\" data-id=\"7929cb8e\" data-element_type=\"section\">\n\t\t\t\t\t\t<div class=\"elementor-container elementor-column-gap-default\">\n\t\t\t\t\t<div class=\"elementor-column elementor-col-100 elementor-top-column elementor-element elementor-element-1206f3d0\" data-id=\"1206f3d0\" data-element_type=\"column\">\n\t\t\t<div class=\"elementor-widget-wrap elementor-element-populated\">\n\t\t\t\t\t\t<div class=\"elementor-element elementor-element-3519f16b elementor-widget elementor-widget-shortcode\" data-id=\"3519f16b\" data-element_type=\"widget\" data-widget_type=\"shortcode.default\">\n\t\t\t\t<div class=\"elementor-widget-container\">\n\t\t\t\t\t<div class=\"elementor-shortcode\">\t\t<div data-elementor-type=\"wp-post\" data-elementor-id=\"1295\" class=\"elementor elementor-1295\">\n\t\t\t\t\t\t<section class=\"elementor-section elementor-top-section elementor-element elementor-element-6225b1d6 elementor-section-boxed elementor-section-height-default elementor-section-height-default\" data-id=\"6225b1d6\" data-element_type=\"section\">\n\t\t\t\t\t\t<div class=\"elementor-container elementor-column-gap-default\">\n\t\t\t\t\t<div class=\"elementor-column elementor-col-100 elementor-top-column elementor-element elementor-element-5eb439f8\" data-id=\"5eb439f8\" data-element_type=\"column\">\n\t\t\t<div class=\"elementor-widget-wrap elementor-element-populated\">\n\t\t\t\t\t\t<div class=\"elementor-element elementor-element-3e4d499b eael_simple_menu_hamburger_disable_selected_menu_no eael-simple-menu-hamburger-align-right eael-hamburger--tablet elementor-widget elementor-widget-eael-simple-menu\" data-id=\"3e4d499b\" data-element_type=\"widget\" data-widget_type=\"eael-simple-menu.default\">\n\t\t\t\t<div class=\"elementor-widget-container\">\n\t\t\t<style>\n                        @media screen and (max-width: 1024px) {\n                            .eael-hamburger--tablet {\n                                .eael-simple-menu-horizontal,\n                                .eael-simple-menu-vertical {\n                                    display: none;\n                                }\n                            }\n                            .eael-hamburger--tablet {\n                                .eael-simple-menu-container .eael-simple-menu-toggle {\n                                    display: block;\n                                }\n                            }\n                        }\n                    <\/style>            <div data-hamburger-icon=\"&lt;i aria-hidden=&quot;true&quot; class=&quot;fas fa-bars&quot;&gt;&lt;\/i&gt;\" data-indicator-icon=\"&lt;i aria-hidden=&quot;true&quot; class=&quot;fas fa-angle-down&quot;&gt;&lt;\/i&gt;\" data-dropdown-indicator-icon=\"&lt;i class=&quot;fas fa-angle-down&quot;&gt;&lt;\/i&gt;\" class=\"eael-simple-menu-container eael-simple-menu-align-right eael-simple-menu--stretch eael-simple-menu-dropdown-align-left preset-3\" data-hamburger-breakpoints=\"{&quot;mobile&quot;:&quot;Mobile Portrait (&gt; 767px)&quot;,&quot;tablet&quot;:&quot;Tablet Portrait (&gt; 1024px)&quot;,&quot;desktop&quot;:&quot;Desktop (&gt; 2400px)&quot;,&quot;none&quot;:&quot;None&quot;}\" data-hamburger-device=\"tablet\">\n                <ul id=\"menu-principal\" class=\"eael-simple-menu eael-simple-menu-dropdown-animate-to-top eael-simple-menu-indicator eael-simple-menu-horizontal\"><li id=\"menu-item-221\" class=\"menu-item menu-item-type-post_type menu-item-object-page menu-item-home menu-item-221\"><a href=\"https:\/\/bicefalos.ar\/bice\/\">Inicio<\/a><\/li>\n<li id=\"menu-item-946\" class=\"menu-item menu-item-type-custom menu-item-object-custom menu-item-has-children menu-item-946\"><a href=\"#\">Edici\u00f3n<\/a>\n<ul class=\"sub-menu\">\n\t<li id=\"menu-item-2490\" class=\"menu-item menu-item-type-post_type menu-item-object-page menu-item-2490\"><a href=\"https:\/\/bicefalos.ar\/bice\/12-b-parra-d-delvas\/\">12. B. Parra \u2013 D. Delvas<\/a><\/li>\n\t<li id=\"menu-item-2476\" class=\"menu-item menu-item-type-post_type menu-item-object-page menu-item-2476\"><a href=\"https:\/\/bicefalos.ar\/bice\/11-gonzalez-blanco\/\">11. Gonz\u00e1lez \u2013 Blanco<\/a><\/li>\n\t<li id=\"menu-item-2460\" class=\"menu-item menu-item-type-post_type menu-item-object-page menu-item-2460\"><a href=\"https:\/\/bicefalos.ar\/bice\/10-belich-peters-bravo\/\">10. Belich \u2013 Peters Bravo<\/a><\/li>\n\t<li id=\"menu-item-2387\" class=\"menu-item menu-item-type-post_type menu-item-object-page menu-item-2387\"><a href=\"https:\/\/bicefalos.ar\/bice\/edicion-09\/\">9. Venica &#8211; D\u00e1vila<\/a><\/li>\n\t<li id=\"menu-item-2346\" class=\"menu-item menu-item-type-post_type menu-item-object-page menu-item-2346\"><a href=\"https:\/\/bicefalos.ar\/bice\/edicion-8\/\">8. Burgos &#8211; Luck<\/a><\/li>\n\t<li id=\"menu-item-2150\" class=\"menu-item menu-item-type-post_type menu-item-object-page menu-item-2150\"><a href=\"https:\/\/bicefalos.ar\/bice\/bicefalos-7\/\">7. Aquino &#8211; Landeta<\/a><\/li>\n\t<li id=\"menu-item-2121\" class=\"menu-item menu-item-type-post_type menu-item-object-page menu-item-2121\"><a href=\"https:\/\/bicefalos.ar\/bice\/edicion-6\/\">6. Vitta &#8211; Segade<\/a><\/li>\n\t<li id=\"menu-item-1069\" class=\"menu-item menu-item-type-post_type menu-item-object-page menu-item-1069\"><a href=\"https:\/\/bicefalos.ar\/bice\/ciclo-05\/\">5. Urban &#8211; Cano<\/a><\/li>\n\t<li id=\"menu-item-923\" class=\"menu-item menu-item-type-post_type menu-item-object-page menu-item-923\"><a href=\"https:\/\/bicefalos.ar\/bice\/bicefalos-4\/\">4. Opazo &#8211; Guidetti<\/a><\/li>\n\t<li id=\"menu-item-924\" class=\"menu-item menu-item-type-post_type menu-item-object-page menu-item-924\"><a href=\"https:\/\/bicefalos.ar\/bice\/bicefalos-3\/\">3. Tencer &#8211; Gasparini<\/a><\/li>\n\t<li id=\"menu-item-925\" class=\"menu-item menu-item-type-post_type menu-item-object-page menu-item-925\"><a href=\"https:\/\/bicefalos.ar\/bice\/bicefalos-2\/\">2. Rubinstein &#8211; V. Corbal\u00e1n<\/a><\/li>\n\t<li id=\"menu-item-926\" class=\"menu-item menu-item-type-post_type menu-item-object-page menu-item-926\"><a href=\"https:\/\/bicefalos.ar\/bice\/bicefalos-1\/\">1. Gonz\u00e1lez Sola &#8211; Segade<\/a><\/li>\n<\/ul>\n<\/li>\n<li id=\"menu-item-220\" class=\"menu-item menu-item-type-post_type menu-item-object-page menu-item-220\"><a href=\"https:\/\/bicefalos.ar\/bice\/programacion\/\">Programaci\u00f3n<\/a><\/li>\n<li id=\"menu-item-219\" class=\"menu-item menu-item-type-post_type menu-item-object-page menu-item-219\"><a href=\"https:\/\/bicefalos.ar\/bice\/nosotres\/\">Proyecto<\/a><\/li>\n<li id=\"menu-item-218\" class=\"menu-item menu-item-type-post_type menu-item-object-page menu-item-218\"><a href=\"https:\/\/bicefalos.ar\/bice\/contacto\/\">Contacto<\/a><\/li>\n<\/ul>                <button class=\"eael-simple-menu-toggle\">\n                    <span class=\"sr-only \">Hamburger Toggle Menu<\/span>\n                    <i aria-hidden=\"true\" class=\"fas fa-bars\"><\/i>                <\/button>\n            <\/div>\n            \t\t<\/div>\n\t\t\t\t<\/div>\n\t\t\t\t\t<\/div>\n\t\t<\/div>\n\t\t\t\t\t<\/div>\n\t\t<\/section>\n\t\t\t\t<\/div>\n\t\t<\/div>\n\t\t\t\t<\/div>\n\t\t\t\t<\/div>\n\t\t\t\t\t<\/div>\n\t\t<\/div>\n\t\t\t\t\t<\/div>\n\t\t<\/section>\n\t\t\t\t<section class=\"elementor-section elementor-top-section elementor-element elementor-element-29cb6e5c elementor-section-full_width elementor-section-height-min-height elementor-section-items-top elementor-section-height-default\" data-id=\"29cb6e5c\" data-element_type=\"section\" data-settings=\"{&quot;background_background&quot;:&quot;classic&quot;}\">\n\t\t\t\t\t\t<div class=\"elementor-container elementor-column-gap-no\">\n\t\t\t\t\t<div class=\"elementor-column elementor-col-100 elementor-top-column elementor-element elementor-element-3c163105\" data-id=\"3c163105\" data-element_type=\"column\">\n\t\t\t<div class=\"elementor-widget-wrap elementor-element-populated\">\n\t\t\t\t\t\t<div class=\"elementor-element elementor-element-cda6af0 elementor-widget elementor-widget-image\" data-id=\"cda6af0\" data-element_type=\"widget\" data-widget_type=\"image.default\">\n\t\t\t\t<div class=\"elementor-widget-container\">\n\t\t\t\t\t\t\t\t\t\t\t\t\t<img fetchpriority=\"high\" decoding=\"async\" width=\"506\" height=\"101\" src=\"https:\/\/bicefalos.ar\/bice\/wp-content\/uploads\/2023\/03\/LOGOS-Ediciones-BICEFALOS-10-1.svg\" class=\"attachment-full size-full wp-image-2206\" alt=\"LOGOS Ediciones BICEFALOS - 10\" \/>\t\t\t\t\t\t\t\t\t\t\t\t\t<\/div>\n\t\t\t\t<\/div>\n\t\t\t\t<div class=\"elementor-element elementor-element-52a1711a elementor-arrows-position-inside elementor-pagination-position-outside elementor-widget elementor-widget-image-carousel\" data-id=\"52a1711a\" data-element_type=\"widget\" data-settings=\"{&quot;slides_to_show&quot;:&quot;2&quot;,&quot;navigation&quot;:&quot;both&quot;,&quot;autoplay&quot;:&quot;yes&quot;,&quot;pause_on_hover&quot;:&quot;yes&quot;,&quot;pause_on_interaction&quot;:&quot;yes&quot;,&quot;autoplay_speed&quot;:5000,&quot;infinite&quot;:&quot;yes&quot;,&quot;speed&quot;:500}\" data-widget_type=\"image-carousel.default\">\n\t\t\t\t<div class=\"elementor-widget-container\">\n\t\t\t\t\t<div class=\"elementor-image-carousel-wrapper swiper\" dir=\"ltr\">\n\t\t\t<div class=\"elementor-image-carousel swiper-wrapper\" aria-live=\"off\">\n\t\t\t\t\t\t\t\t<div class=\"swiper-slide\" role=\"group\" aria-roledescription=\"slide\" aria-label=\"1 of 13\"><figure class=\"swiper-slide-inner\"><img decoding=\"async\" class=\"swiper-slide-image\" src=\"https:\/\/bicefalos.ar\/bice\/wp-content\/uploads\/2023\/12\/PORTADA-1200x700.webp\" alt=\"PORTADA\" \/><\/figure><\/div><div class=\"swiper-slide\" role=\"group\" aria-roledescription=\"slide\" aria-label=\"2 of 13\"><figure class=\"swiper-slide-inner\"><img decoding=\"async\" class=\"swiper-slide-image\" src=\"https:\/\/bicefalos.ar\/bice\/wp-content\/uploads\/2023\/12\/MIC-1200x700.webp\" alt=\"MIC\" \/><\/figure><\/div><div class=\"swiper-slide\" role=\"group\" aria-roledescription=\"slide\" aria-label=\"3 of 13\"><figure class=\"swiper-slide-inner\"><img decoding=\"async\" class=\"swiper-slide-image\" src=\"https:\/\/bicefalos.ar\/bice\/wp-content\/uploads\/2023\/12\/SOBERANIA-1200x700.webp\" alt=\"SOBERANIA\" \/><\/figure><\/div><div class=\"swiper-slide\" role=\"group\" aria-roledescription=\"slide\" aria-label=\"4 of 13\"><figure class=\"swiper-slide-inner\"><img decoding=\"async\" class=\"swiper-slide-image\" src=\"https:\/\/bicefalos.ar\/bice\/wp-content\/uploads\/2023\/12\/BEBES2-1200x700.webp\" alt=\"BEBES2\" \/><\/figure><\/div><div class=\"swiper-slide\" role=\"group\" aria-roledescription=\"slide\" aria-label=\"5 of 13\"><figure class=\"swiper-slide-inner\"><img decoding=\"async\" class=\"swiper-slide-image\" src=\"https:\/\/bicefalos.ar\/bice\/wp-content\/uploads\/2023\/12\/LIBROS-1200x700.webp\" alt=\"LIBROS\" \/><\/figure><\/div><div class=\"swiper-slide\" role=\"group\" aria-roledescription=\"slide\" aria-label=\"6 of 13\"><figure class=\"swiper-slide-inner\"><img decoding=\"async\" class=\"swiper-slide-image\" src=\"https:\/\/bicefalos.ar\/bice\/wp-content\/uploads\/2023\/12\/PUBLICO-1200x700.webp\" alt=\"PUBLICO\" \/><\/figure><\/div><div class=\"swiper-slide\" role=\"group\" aria-roledescription=\"slide\" aria-label=\"7 of 13\"><figure class=\"swiper-slide-inner\"><img decoding=\"async\" class=\"swiper-slide-image\" src=\"https:\/\/bicefalos.ar\/bice\/wp-content\/uploads\/2023\/12\/DOSESPEJO2-1200x700.webp\" alt=\"DOSESPEJO2\" \/><\/figure><\/div><div class=\"swiper-slide\" role=\"group\" aria-roledescription=\"slide\" aria-label=\"8 of 13\"><figure class=\"swiper-slide-inner\"><img decoding=\"async\" class=\"swiper-slide-image\" src=\"https:\/\/bicefalos.ar\/bice\/wp-content\/uploads\/2023\/12\/BARBIS-1200x700.webp\" alt=\"BARBIS\" \/><\/figure><\/div><div class=\"swiper-slide\" role=\"group\" aria-roledescription=\"slide\" aria-label=\"9 of 13\"><figure class=\"swiper-slide-inner\"><img decoding=\"async\" class=\"swiper-slide-image\" src=\"https:\/\/bicefalos.ar\/bice\/wp-content\/uploads\/2023\/12\/ESPEJOTEXTO-1200x700.webp\" alt=\"ESPEJOTEXTO\" \/><\/figure><\/div><div class=\"swiper-slide\" role=\"group\" aria-roledescription=\"slide\" aria-label=\"10 of 13\"><figure class=\"swiper-slide-inner\"><img decoding=\"async\" class=\"swiper-slide-image\" src=\"https:\/\/bicefalos.ar\/bice\/wp-content\/uploads\/2023\/12\/BELICH-1200x700.webp\" alt=\"BELICH\" \/><\/figure><\/div><div class=\"swiper-slide\" role=\"group\" aria-roledescription=\"slide\" aria-label=\"11 of 13\"><figure class=\"swiper-slide-inner\"><img decoding=\"async\" class=\"swiper-slide-image\" src=\"https:\/\/bicefalos.ar\/bice\/wp-content\/uploads\/2023\/12\/PETERS-1200x700.webp\" alt=\"PETERS\" \/><\/figure><\/div><div class=\"swiper-slide\" role=\"group\" aria-roledescription=\"slide\" aria-label=\"12 of 13\"><figure class=\"swiper-slide-inner\"><img decoding=\"async\" class=\"swiper-slide-image\" src=\"https:\/\/bicefalos.ar\/bice\/wp-content\/uploads\/2023\/12\/TEXTO-1200x700.webp\" alt=\"TEXTO\" \/><\/figure><\/div><div class=\"swiper-slide\" role=\"group\" aria-roledescription=\"slide\" aria-label=\"13 of 13\"><figure class=\"swiper-slide-inner\"><img decoding=\"async\" class=\"swiper-slide-image\" src=\"https:\/\/bicefalos.ar\/bice\/wp-content\/uploads\/2023\/12\/BOTICELLI-1200x700.webp\" alt=\"BOTICELLI\" \/><\/figure><\/div>\t\t\t<\/div>\n\t\t\t\t\t\t\t\t\t\t\t\t<div class=\"elementor-swiper-button elementor-swiper-button-prev\" role=\"button\" tabindex=\"0\">\n\t\t\t\t\t\t<i aria-hidden=\"true\" class=\"eicon-chevron-left\"><\/i>\t\t\t\t\t<\/div>\n\t\t\t\t\t<div class=\"elementor-swiper-button elementor-swiper-button-next\" role=\"button\" tabindex=\"0\">\n\t\t\t\t\t\t<i aria-hidden=\"true\" class=\"eicon-chevron-right\"><\/i>\t\t\t\t\t<\/div>\n\t\t\t\t\n\t\t\t\t\t\t\t\t\t<div class=\"swiper-pagination\"><\/div>\n\t\t\t\t\t\t\t\t\t<\/div>\n\t\t\t\t<\/div>\n\t\t\t\t<\/div>\n\t\t\t\t<section class=\"elementor-section elementor-inner-section elementor-element elementor-element-1157c17f elementor-section-full_width elementor-section-height-default elementor-section-height-default\" data-id=\"1157c17f\" data-element_type=\"section\">\n\t\t\t\t\t\t<div class=\"elementor-container elementor-column-gap-default\">\n\t\t\t\t\t<div class=\"elementor-column elementor-col-50 elementor-inner-column elementor-element elementor-element-3bbf8d6b\" data-id=\"3bbf8d6b\" data-element_type=\"column\">\n\t\t\t<div class=\"elementor-widget-wrap elementor-element-populated\">\n\t\t\t\t\t\t<div class=\"elementor-element elementor-element-3d56d7eb elementor-widget elementor-widget-text-editor\" data-id=\"3d56d7eb\" data-element_type=\"widget\" data-widget_type=\"text-editor.default\">\n\t\t\t\t<div class=\"elementor-widget-container\">\n\t\t\t\t\t\t\t<p>BIC\u0112FALOS 10<\/p><p><span style=\"font-size: 22.4px;\">Es el cruce entre Karen Peters Bravo y Paula Belich, quienes fueron convocadas bajo la pauta &#8220;Soberania del vientre&#8221; y abrieron su investigaci\u00f3n art\u00edstica el viernes 13\/10\/ 23 a las\u00a0<\/span><span style=\"font-size: 22.4px; color: var( --e-global-color-text );\">19 hs. en la Escuela Experimental de Danza Contempor\u00e1nea, Neuqu\u00e9n Capital.<\/span><\/p>\t\t\t\t\t\t<\/div>\n\t\t\t\t<\/div>\n\t\t\t\t\t<\/div>\n\t\t<\/div>\n\t\t\t\t<div class=\"elementor-column elementor-col-50 elementor-inner-column elementor-element elementor-element-9a624b3\" data-id=\"9a624b3\" data-element_type=\"column\">\n\t\t\t<div class=\"elementor-widget-wrap elementor-element-populated\">\n\t\t\t\t\t\t<div class=\"elementor-element elementor-element-596e0079 elementor-widget elementor-widget-video\" data-id=\"596e0079\" data-element_type=\"widget\" data-settings=\"{&quot;youtube_url&quot;:&quot;https:\\\/\\\/youtu.be\\\/kpocYZM4tgU&quot;,&quot;video_type&quot;:&quot;youtube&quot;,&quot;controls&quot;:&quot;yes&quot;}\" data-widget_type=\"video.default\">\n\t\t\t\t<div class=\"elementor-widget-container\">\n\t\t\t\t\t<div class=\"elementor-wrapper elementor-open-inline\">\n\t\t\t<div class=\"elementor-video\"><\/div>\t\t<\/div>\n\t\t\t\t<\/div>\n\t\t\t\t<\/div>\n\t\t\t\t\t<\/div>\n\t\t<\/div>\n\t\t\t\t\t<\/div>\n\t\t<\/section>\n\t\t\t\t\t<\/div>\n\t\t<\/div>\n\t\t\t\t\t<\/div>\n\t\t<\/section>\n\t\t\t\t<section class=\"elementor-section elementor-top-section elementor-element elementor-element-2c2e5f1c elementor-section-full_width elementor-section-height-min-height elementor-section-height-default elementor-section-items-middle\" data-id=\"2c2e5f1c\" data-element_type=\"section\" data-settings=\"{&quot;background_background&quot;:&quot;classic&quot;}\">\n\t\t\t\t\t\t<div class=\"elementor-container elementor-column-gap-default\">\n\t\t\t\t\t<div class=\"elementor-column elementor-col-100 elementor-top-column elementor-element elementor-element-78893aed\" data-id=\"78893aed\" data-element_type=\"column\">\n\t\t\t<div class=\"elementor-widget-wrap elementor-element-populated\">\n\t\t\t\t\t\t<div class=\"elementor-element elementor-element-70d401ba elementor-widget elementor-widget-image\" data-id=\"70d401ba\" data-element_type=\"widget\" data-widget_type=\"image.default\">\n\t\t\t\t<div class=\"elementor-widget-container\">\n\t\t\t\t\t\t\t\t\t\t\t\t\t<img decoding=\"async\" width=\"1200\" height=\"720\" src=\"https:\/\/bicefalos.ar\/bice\/wp-content\/uploads\/2023\/12\/PORTADA.webp\" class=\"attachment-full size-full wp-image-2422\" alt=\"PORTADA\" srcset=\"https:\/\/bicefalos.ar\/bice\/wp-content\/uploads\/2023\/12\/PORTADA.webp 1200w, https:\/\/bicefalos.ar\/bice\/wp-content\/uploads\/2023\/12\/PORTADA-300x180.webp 300w, https:\/\/bicefalos.ar\/bice\/wp-content\/uploads\/2023\/12\/PORTADA-1024x614.webp 1024w, https:\/\/bicefalos.ar\/bice\/wp-content\/uploads\/2023\/12\/PORTADA-768x461.webp 768w\" sizes=\"(max-width: 1200px) 100vw, 1200px\" \/>\t\t\t\t\t\t\t\t\t\t\t\t\t<\/div>\n\t\t\t\t<\/div>\n\t\t\t\t<div class=\"elementor-element elementor-element-64fc8e6c elementor-widget__width-initial elementor-widget elementor-widget-text-editor\" data-id=\"64fc8e6c\" data-element_type=\"widget\" data-widget_type=\"text-editor.default\">\n\t\t\t\t<div class=\"elementor-widget-container\">\n\t\t\t\t\t\t\t<p><strong>KAREN PETERS BRAVO<\/strong><\/p><div dir=\"auto\">Naci\u00f3 en Cutral C\u00f3 en 1989. Desde el a\u00f1o 2007 vive en Neuquen. Es artista\/profesora de artes visuales, recibida de la Escuela superior de Bellas Artes.<\/div><div dir=\"auto\">\u00a0<\/div><div dir=\"auto\"><b>PAULA BELICH<\/b><\/div><div dir=\"auto\">\u00a0<\/div><div dir=\"auto\">Naci\u00f3 en Allen (R\u00edo Negro) y est\u00e1 radicada en Neuqu\u00e9n desde 2012. <br \/>Es Docente, bailarina y performer. <br \/>Realizadora independiente, y autora del proyecto de video-instalaci\u00f3n &#8220;Gakibook&#8221;.<\/div>\t\t\t\t\t\t<\/div>\n\t\t\t\t<\/div>\n\t\t\t\t\t<\/div>\n\t\t<\/div>\n\t\t\t\t\t<\/div>\n\t\t<\/section>\n\t\t\t\t<\/div>\n\t\t","protected":false},"excerpt":{"rendered":"<p>Anterior Siguiente BIC\u0112FALOS 10 Es el cruce entre Karen Peters Bravo y Paula Belich, quienes fueron convocadas bajo la pauta &#8220;Soberania del vientre&#8221; y abrieron su investigaci\u00f3n art\u00edstica el viernes 13\/10\/ 23 a las\u00a019 hs. en la Escuela Experimental de Danza Contempor\u00e1nea, Neuqu\u00e9n Capital. https:\/\/youtu.be\/kpocYZM4tgU KAREN PETERS BRAVO Naci\u00f3 en Cutral C\u00f3 en 1989. Desde [&hellip;]<\/p>\n","protected":false},"author":2,"featured_media":0,"parent":0,"menu_order":0,"comment_status":"closed","ping_status":"closed","template":"","meta":{"om_disable_all_campaigns":false,"inline_featured_image":false,"_monsterinsights_skip_tracking":false,"_monsterinsights_sitenote_active":false,"_monsterinsights_sitenote_note":"","_monsterinsights_sitenote_category":0,"footnotes":""},"class_list":["post-2459","page","type-page","status-publish","hentry","entry"],"aioseo_notices":[],"_links":{"self":[{"href":"https:\/\/bicefalos.ar\/bice\/wp-json\/wp\/v2\/pages\/2459","targetHints":{"allow":["GET"]}}],"collection":[{"href":"https:\/\/bicefalos.ar\/bice\/wp-json\/wp\/v2\/pages"}],"about":[{"href":"https:\/\/bicefalos.ar\/bice\/wp-json\/wp\/v2\/types\/page"}],"author":[{"embeddable":true,"href":"https:\/\/bicefalos.ar\/bice\/wp-json\/wp\/v2\/users\/2"}],"replies":[{"embeddable":true,"href":"https:\/\/bicefalos.ar\/bice\/wp-json\/wp\/v2\/comments?post=2459"}],"version-history":[{"count":13,"href":"https:\/\/bicefalos.ar\/bice\/wp-json\/wp\/v2\/pages\/2459\/revisions"}],"predecessor-version":[{"id":2536,"href":"https:\/\/bicefalos.ar\/bice\/wp-json\/wp\/v2\/pages\/2459\/revisions\/2536"}],"wp:attachment":[{"href":"https:\/\/bicefalos.ar\/bice\/wp-json\/wp\/v2\/media?parent=2459"}],"curies":[{"name":"wp","href":"https:\/\/api.w.org\/{rel}","templated":true}]}}